{"id":2845,"date":"2020-01-15T22:08:08","date_gmt":"2020-01-15T21:08:08","guid":{"rendered":"http:\/\/www.asologold.com\/empresa\/"},"modified":"2025-09-17T12:34:44","modified_gmt":"2025-09-17T10:34:44","slug":"empresa","status":"publish","type":"page","link":"https:\/\/www.asologold.com\/es\/empresa\/","title":{"rendered":"Empresa"},"content":{"rendered":"<section class=\"wpb-content-wrapper\"><p>[vc_row][vc_column][vc_single_image image=\u00bb8131&#8243; img_size=\u00bb200&#215;200&#8243; alignment=\u00bbcenter\u00bb style=\u00bbvc_box_circle\u00bb][\/vc_column][\/vc_row][vc_row gap=\u00bb35&#8243; css=\u00bb.vc_custom_1576146192475{margin-top: 30px !important;}\u00bb][vc_column width=\u00bb1\/3&#8243;][vc_column_text]<\/p>\n<p class=\"p1\" style=\"text-align: center;\"><span class=\"s1\">Asolo Gold es una empresa orfebre especializada en la producci\u00f3n de cadenas macizas de oro amarillo, blanco, rosa y platino. Fundada en 1984, hoy en d\u00eda la empresa ofrece a sus clientes de todo el mundo joyas con un dise\u00f1o \u00fanico y distintivo.<br \/>\n<\/span>[\/vc_column_text][\/vc_column][vc_column width=\u00bb1\/3&#8243;][vc_column_text]<\/p>\n<p class=\"aziendatop\" style=\"text-align: center;\">Asolo Gold es una empresa l\u00edder en el dise\u00f1o, realizaci\u00f3n y comercializaci\u00f3n de joyas de oro y platino.<\/p>\n<p>[\/vc_column_text][\/vc_column][vc_column width=\u00bb1\/3&#8243;][vc_column_text]<\/p>\n<p style=\"text-align: center;\"><span class=\"s1\"> Los trabajadores se dedican con pasi\u00f3n a estas creaciones, unidos por el valor de equipo, el conocimiento del producto y la profunda experiencia, garantizando un producto final de gran fiabilidad y completamente Made in Italy.<br \/>\n<\/span>[\/vc_column_text][\/vc_column][\/vc_row][vc_row][vc_column][vc_empty_space height=\u00bb2.3em\u00bb alter_height=\u00bbnone\u00bb hide_on_mobile=\u00bb\u00bb]<div class=\"sc_item_button sc_button_wrap sc_align_center\"><a href=\"\/es\/contactos\/\"\n\t id=\"sc_button_480130120\" \n\tclass=\"sc_button sc_button_dark sc_button_size_small sc_button_icon_left\"\n\t\t><span class=\"sc_button_text\"><span class=\"sc_button_title\">CONTACTA CON NOSOTROS<\/span><\/span><!-- \/.sc_button_text --><\/a><!-- \/.sc_button --><\/div><!-- \/.sc_item_button -->[vc_empty_space height=\u00bb6.9em\u00bb alter_height=\u00bbnone\u00bb hide_on_mobile=\u00bb\u00bb][\/vc_column][\/vc_row][vc_row full_width=\u00bbstretch_row_content_no_spaces\u00bb equal_height=\u00bbyes\u00bb scheme=\u00bbdark\u00bb][vc_column width=\u00bb1\/2&#8243; css=\u00bb.vc_custom_1575367175953{background-image: url(http:\/\/www.asologold.com\/wp-content\/uploads\/2019\/12\/Storia-scaled.jpg?id=2322) !important;}\u00bb][vc_empty_space height=\u00bb400px\u00bb alter_height=\u00bbnone\u00bb hide_on_mobile=\u00bb\u00bb][\/vc_column][vc_column width=\u00bb1\/2&#8243;]<div id=\"sc_content_351079252\"\n\t\tclass=\"sc_content sc_content_default sc_content_width_2_3\"><div class=\"sc_content_container\">[vc_empty_space height=\u00bb7.8em\u00bb alter_height=\u00bbnone\u00bb hide_on_mobile=\u00bb1,2&#8243;][vc_empty_space height=\u00bb3em\u00bb alter_height=\u00bbnone\u00bb hide_on_mobile=\u00bb3&#8243;][vc_column_text]<\/p>\n<h2>1984, cuando empez\u00f3 todo.<\/h2>\n<p class=\"p1\" style=\"color: #ffffff;\"><span class=\"s1\">La historia de Asolo Gold comienza en 1984, cuando Cesare Bizzotto, hace realidad el sue\u00f1o de abrir su propia empresa orfebre para realizar joyas de oro y platino con marca 77TV. El respeto por la tradici\u00f3n de las t\u00e9cnicas artesanales y la experiencia consolidada, logrando trasladarla a la producci\u00f3n industrial.<br \/>\nEl producto de Asolo Gold tiene una fuerte vocaci\u00f3n internacional. Entre las primeras empresas que entran en el mercado asi\u00e1tico, Asolo Gold est\u00e1 presente hoy en todos los continentes donde participa en las principales ferias del sector, como la de Vicenza, Hong Kong, Las Vegas, M\u00f3naco y muchas otras.<br \/>\n<\/span>[\/vc_column_text]<\/div><\/div><!-- \/.sc_content -->[vc_empty_space height=\u00bb1.9em\u00bb alter_height=\u00bbnone\u00bb hide_on_mobile=\u00bb1,2&#8243;][\/vc_column][\/vc_row][vc_row full_width=\u00bbstretch_row_content_no_spaces\u00bb equal_height=\u00bbyes\u00bb scheme=\u00bbdefault\u00bb][vc_column width=\u00bb1\/2&#8243; css=\u00bb.vc_custom_1576143401831{background-color: #f7f8fc !important;}\u00bb][vc_empty_space height=\u00bb7.8em\u00bb alter_height=\u00bbnone\u00bb hide_on_mobile=\u00bb1,2&#8243;][vc_empty_space height=\u00bb3em\u00bb alter_height=\u00bbnone\u00bb hide_on_mobile=\u00bb3&#8243;]<div id=\"sc_content_1693152623\"\n\t\tclass=\"sc_content sc_content_default sc_content_width_2_3\"><div class=\"sc_content_container\">[vc_column_text]<\/p>\n<h2>Nuestra Misi\u00f3n.<\/h2>\n<p>Incluso antes que la maquinaria y las tecnolog\u00edas m\u00e1s avanzadas, existe de hecho el trabajo de personal altamente calificado que, con su experiencia y sus habilidades en orfebrer\u00eda, dan un valor agregado a la joya, enriqueci\u00e9ndola con alma y dise\u00f1o \u00edntegramente Made in Italy.[\/vc_column_text]<\/div><\/div><!-- \/.sc_content -->[vc_empty_space height=\u00bb7.8em\u00bb alter_height=\u00bbnone\u00bb hide_on_mobile=\u00bb1,2&#8243;][\/vc_column][vc_column width=\u00bb1\/2&#8243; css=\u00bb.vc_custom_1575367797231{background-image: url(http:\/\/www.asologold.com\/wp-content\/uploads\/2019\/12\/Mission.jpg?id=2327) !important;}\u00bb][vc_empty_space height=\u00bb400px\u00bb alter_height=\u00bbnone\u00bb hide_on_mobile=\u00bb\u00bb][\/vc_column][\/vc_row][vc_row full_width=\u00bbstretch_row_content_no_spaces\u00bb equal_height=\u00bbyes\u00bb scheme=\u00bbdefault\u00bb][vc_column width=\u00bb1\/2&#8243; css=\u00bb.vc_custom_1575368198092{background-image: url(http:\/\/www.asologold.com\/wp-content\/uploads\/2019\/12\/Maestria_Artigianale_A-scaled.jpg?id=2335) !important;}\u00bb][vc_empty_space height=\u00bb400px\u00bb alter_height=\u00bbnone\u00bb hide_on_mobile=\u00bb\u00bb][\/vc_column][vc_column width=\u00bb1\/2&#8243; css=\u00bb.vc_custom_1576143435692{background-color: #f7f8fc !important;}\u00bb][vc_empty_space height=\u00bb3em\u00bb alter_height=\u00bbnone\u00bb hide_on_mobile=\u00bb3&#8243;][vc_empty_space height=\u00bb7.8em\u00bb alter_height=\u00bbnone\u00bb hide_on_mobile=\u00bb1,2&#8243;]<div id=\"sc_content_348056043\"\n\t\tclass=\"sc_content sc_content_default sc_content_width_2_3\"><div class=\"sc_content_container\">[vc_column_text]<\/p>\n<h2>Una profunda maestr\u00eda artesanal.<\/h2>\n<p>Sin artesanos apasionados no habr\u00eda joyas: esta es la filosof\u00eda de Asolo Gold, que cree fuertemente en la importancia de su capital humano y de los secretos artesanales que guarda.[\/vc_column_text]<\/div><\/div><!-- \/.sc_content -->[vc_empty_space height=\u00bb7.8em\u00bb alter_height=\u00bbnone\u00bb hide_on_mobile=\u00bb1,2&#8243;][\/vc_column][\/vc_row][vc_row full_width=\u00bbstretch_row_content_no_spaces\u00bb equal_height=\u00bbyes\u00bb scheme=\u00bbdefault\u00bb][vc_column width=\u00bb1\/2&#8243; css=\u00bb.vc_custom_1576143448753{background-color: #f7f8fc !important;}\u00bb][vc_empty_space height=\u00bb3em\u00bb alter_height=\u00bbnone\u00bb hide_on_mobile=\u00bb3&#8243;][vc_empty_space height=\u00bb7.8em\u00bb alter_height=\u00bbnone\u00bb hide_on_mobile=\u00bb1,2&#8243;]<div id=\"sc_content_355436813\"\n\t\tclass=\"sc_content sc_content_default sc_content_width_2_3\"><div class=\"sc_content_container\">[vc_column_text]<\/p>\n<h2>Producci\u00f3n.<\/h2>\n<p>El coraz\u00f3n Asolo Gold se encuentra en su producci\u00f3n. Artesanos y t\u00e9cnicos con una experiencia consolidada siguen atentamente cada fase de la realizaci\u00f3n de metal precioso de todos los quilatajes, todas ellas con marca 77TV. En Asolo Gold se fabrican maquinarias especiales para permitir elaboraciones espec\u00edficas y personalizaciones a medida, garantizando un producto final de gran fiabilidad y completamente Made in Italy.[\/vc_column_text]<\/div><\/div><!-- \/.sc_content -->[vc_empty_space height=\u00bb7.8em\u00bb alter_height=\u00bbnone\u00bb hide_on_mobile=\u00bb1,2&#8243;][\/vc_column][vc_column width=\u00bb1\/2&#8243; css=\u00bb.vc_custom_1575368500350{background-image: url(http:\/\/www.asologold.com\/wp-content\/uploads\/2019\/12\/Produzione-scaled.jpg?id=2337) !important;}\u00bb][vc_empty_space height=\u00bb400px\u00bb alter_height=\u00bbnone\u00bb hide_on_mobile=\u00bb\u00bb][\/vc_column][\/vc_row][vc_row full_width=\u00bbstretch_row_content_no_spaces\u00bb equal_height=\u00bbyes\u00bb scheme=\u00bbdefault\u00bb][vc_column width=\u00bb1\/2&#8243; css=\u00bb.vc_custom_1575368478977{background-image: url(http:\/\/www.asologold.com\/wp-content\/uploads\/2019\/12\/Vicenza.jpg?id=2338) !important;}\u00bb][vc_empty_space height=\u00bb400px\u00bb alter_height=\u00bbnone\u00bb hide_on_mobile=\u00bb\u00bb][\/vc_column][vc_column width=\u00bb1\/2&#8243; css=\u00bb.vc_custom_1576143460232{background-color: #f7f8fc !important;}\u00bb][vc_empty_space height=\u00bb3em\u00bb alter_height=\u00bbnone\u00bb hide_on_mobile=\u00bb3&#8243;][vc_empty_space height=\u00bb7.8em\u00bb alter_height=\u00bbnone\u00bb hide_on_mobile=\u00bb1,2&#8243;]<div id=\"sc_content_839589886\"\n\t\tclass=\"sc_content sc_content_default sc_content_width_2_3\"><div class=\"sc_content_container\">[vc_column_text]<\/p>\n<h2>Made in Vicenza.<\/h2>\n<p>Vicenza, ciudad del oro y de la belleza de Palladio, siempre ha sido la protagonista del mercado orfebre italiano. Asolo Gold se encuentra a pocos kil\u00f3metros de all\u00ed: en San Zenone degli Ezzelini, un pueblo abrazado por el marco de las colinas v\u00e9netas. All\u00ed, la familia Bizzotto encontr\u00f3 sus ra\u00edces y Asolo Gold fabrica sus colecciones.[\/vc_column_text]<\/div><\/div><!-- \/.sc_content -->[vc_empty_space height=\u00bb7.8em\u00bb alter_height=\u00bbnone\u00bb hide_on_mobile=\u00bb1,2&#8243;][\/vc_column][\/vc_row][vc_row css=\u00bb.vc_custom_1576834544963{margin-bottom: 0px !important;padding-bottom: 0px !important;}\u00bb][vc_column][vc_empty_space height=\u00bb3em\u00bb alter_height=\u00bbnone\u00bb hide_on_mobile=\u00bb\u00bb][vc_column_text]<\/p>\n<h2 style=\"text-align: center;\">Certificaciones<\/h2>\n<p>[\/vc_column_text][vc_empty_space height=\u00bb1.6em\u00bb alter_height=\u00bbnone\u00bb hide_on_mobile=\u00bb\u00bb][vc_column_text]<\/p>\n<p style=\"text-align: center;\">Las pol\u00edticas de empresa y de producto de Asolo Gold est\u00e1n guiadas por los valores \u00e9ticos m\u00e1s altos, desde su fundaci\u00f3n en 1984. Asolo Gold ha sido una de las primeras empresas en obtener la certificaci\u00f3n RJC y la certificaci\u00f3n ambiental. Consulte nuestros documentos:<\/p>\n<p>[\/vc_column_text][vc_column_text]<\/p>\n<p style=\"text-align: center;\"><a class=\"link_oro\" href=\"http:\/\/www.asologold.com\/wp-content\/uploads\/2022\/11\/Codice-Etico-rev1_ENG_firmato.pdf\" target=\"_blank\" rel=\"noopener noreferrer\">CODICE ETICO<\/a>\u00a0\u00a0\u00a0\u00a0\u00a0\u00a0\u00a0\u00a0\u00a0\u00a0<a class=\"link_oro\" href=\"https:\/\/www.asologold.com\/wp-content\/uploads\/2025\/09\/Politica-Integrata-rev5_ENG_firmata.pdf\" target=\"_blank\" rel=\"noopener noreferrer\">POL\u00cdTICA DE EMPRESA INTEGRADA<\/a><\/p>\n<p>[\/vc_column_text][vc_row_inner css=\u00bb.vc_custom_1576834579959{margin-bottom: 0px !important;padding-bottom: 0px !important;}\u00bb][vc_column_inner width=\u00bb1\/3&#8243;][vc_single_image image=\u00bb2832&#8243; alignment=\u00bbcenter\u00bb][vc_column_text]<\/p>\n<h5 style=\"text-align: center;\">Medio ambiente<\/h5>\n<div class=\"barraoro\"><\/div>\n<p style=\"text-align: center;\">Asolo Gold se compromete a respetar la naturaleza, reduciendo el impacto medioambiental de sus maquinarias a trav\u00e9s de una gesti\u00f3n eficiente de \u00e1reas de riesgo identificadas.<\/p>\n<p style=\"text-align: center;\"><a class=\"link_oro\" href=\"http:\/\/www.asologold.com\/wp-content\/uploads\/2024\/04\/ISO-14001-ENG.pdf\" target=\"_blank\" rel=\"noopener noreferrer\">GESTI\u00d3N MEDIOAMBIENTAL <\/a><\/p>\n<p>[\/vc_column_text][\/vc_column_inner][vc_column_inner width=\u00bb1\/3&#8243;][vc_single_image image=\u00bb2831&#8243; alignment=\u00bbcenter\u00bb][vc_column_text]<\/p>\n<h5 style=\"text-align: center;\">Producto<\/h5>\n<div class=\"barraoro\"><\/div>\n<p style=\"text-align: center;\">ILos colaboradores de Asolo Gold representan el coraz\u00f3n de la empresa. Por eso, se les respeta y se les motiva, apoyando la inclusi\u00f3n, la igualdad y el desarrollo.<\/p>\n<p style=\"text-align: center;\"><a class=\"link_oro\" href=\"http:\/\/www.asologold.com\/wp-content\/uploads\/2024\/04\/ISO-9001-ENG.pdf\" target=\"_blank\" rel=\"noopener noreferrer\">ISO 9001 CERTIFICATION<\/a><\/p>\n<p>[\/vc_column_text][\/vc_column_inner][vc_column_inner width=\u00bb1\/3&#8243;][vc_single_image image=\u00bb2830&#8243; alignment=\u00bbcenter\u00bb][vc_column_text]<\/p>\n<h5 style=\"text-align: center;\">Personas<\/h5>\n<div class=\"barraoro\"><\/div>\n<p style=\"text-align: center;\">Asolo Gold trabaja respetando las normas del Responsible Jewellery Council, promoviendo pr\u00e1cticas responsables a lo largo de toda la cadena de producci\u00f3n de las joyas.<\/p>\n<p style=\"text-align: center;\"><a class=\"link_oro\" href=\"https:\/\/www.asologold.com\/wp-content\/uploads\/2025\/09\/Asolo-Gold-SPA-RJC-Certificate-COP-2025-EU.pdf\" target=\"_blank\" rel=\"noopener noreferrer\">CERTIFICACI\u00d3N RJC COP<\/a><br \/>\n<a class=\"link_oro\" href=\"https:\/\/www.asologold.com\/wp-content\/uploads\/2025\/09\/Asolo-Gold-SPA-RJC-Certificate-COC-2025-EU.pdf\" target=\"_blank\" rel=\"noopener noreferrer\">CERTIFICACI\u00d3N RJC COC<\/a><\/p>\n<p>[\/vc_column_text][\/vc_column_inner][\/vc_row_inner][\/vc_column][\/vc_row]<\/p>\n<\/section>","protected":false},"excerpt":{"rendered":"<p>[vc_row][vc_column][vc_single_image image=\u00bb8131&#8243; img_size=\u00bb200&#215;200&#8243; alignment=\u00bbcenter\u00bb style=\u00bbvc_box_circle\u00bb][\/vc_column][\/vc_row][vc_row gap=\u00bb35&#8243; css=\u00bb.vc_custom_1576146192475{margin-top: 30px !important;}\u00bb][vc_column width=\u00bb1\/3&#8243;][vc_column_text] Asolo Gold es una empresa orfebre especializada en la producci\u00f3n de cadenas macizas de oro amarillo, blanco, rosa y platino. Fundada en 1984, hoy en d\u00eda la empresa ofrece a sus clientes de todo el mundo joyas con un dise\u00f1o \u00fanico y distintivo. [\/vc_column_text][\/vc_column][vc_column width=\u00bb1\/3&#8243;][vc_column_text] Asolo Gold es una empresa&hellip;<\/p>\n","protected":false},"author":1,"featured_media":0,"parent":0,"menu_order":0,"comment_status":"closed","ping_status":"closed","template":"","meta":{"footnotes":""},"class_list":["post-2845","page","type-page","status-publish","hentry"],"yoast_head":"<!-- This site is optimized with the Yoast SEO plugin v26.7 - https:\/\/yoast.com\/wordpress\/plugins\/seo\/ -->\n<title>Empresa orfebre - AsoloGold<\/title>\n<meta name=\"description\" content=\"Asolo Gold es una empresa orfebre familiar fundada en 1984, especializada en la producci\u00f3n de cadenas macizas de oro amarillo, blanco, rosa y platino.\" \/>\n<meta name=\"robots\" content=\"index, follow, max-snippet:-1, max-image-preview:large, max-video-preview:-1\" \/>\n<link rel=\"canonical\" href=\"https:\/\/www.asologold.com\/es\/empresa\/\" \/>\n<meta property=\"og:locale\" content=\"es_ES\" \/>\n<meta property=\"og:type\" content=\"article\" \/>\n<meta property=\"og:title\" content=\"Empresa orfebre - AsoloGold\" \/>\n<meta property=\"og:description\" content=\"Asolo Gold es una empresa orfebre familiar fundada en 1984, especializada en la producci\u00f3n de cadenas macizas de oro amarillo, blanco, rosa y platino.\" \/>\n<meta property=\"og:url\" content=\"https:\/\/www.asologold.com\/es\/empresa\/\" \/>\n<meta property=\"og:site_name\" content=\"AsoloGold\" \/>\n<meta property=\"article:modified_time\" content=\"2025-09-17T10:34:44+00:00\" \/>\n<meta name=\"twitter:card\" content=\"summary_large_image\" \/>\n<meta name=\"twitter:label1\" content=\"Tiempo de lectura\" \/>\n\t<meta name=\"twitter:data1\" content=\"5 minutos\" \/>\n<script type=\"application\/ld+json\" class=\"yoast-schema-graph\">{\"@context\":\"https:\/\/schema.org\",\"@graph\":[{\"@type\":\"WebPage\",\"@id\":\"https:\/\/www.asologold.com\/es\/empresa\/\",\"url\":\"https:\/\/www.asologold.com\/es\/empresa\/\",\"name\":\"Empresa orfebre - AsoloGold\",\"isPartOf\":{\"@id\":\"https:\/\/www.asologold.com\/es\/#website\"},\"datePublished\":\"2020-01-15T21:08:08+00:00\",\"dateModified\":\"2025-09-17T10:34:44+00:00\",\"description\":\"Asolo Gold es una empresa orfebre familiar fundada en 1984, especializada en la producci\u00f3n de cadenas macizas de oro amarillo, blanco, rosa y platino.\",\"breadcrumb\":{\"@id\":\"https:\/\/www.asologold.com\/es\/empresa\/#breadcrumb\"},\"inLanguage\":\"es\",\"potentialAction\":[{\"@type\":\"ReadAction\",\"target\":[\"https:\/\/www.asologold.com\/es\/empresa\/\"]}]},{\"@type\":\"BreadcrumbList\",\"@id\":\"https:\/\/www.asologold.com\/es\/empresa\/#breadcrumb\",\"itemListElement\":[{\"@type\":\"ListItem\",\"position\":1,\"name\":\"Home\",\"item\":\"https:\/\/www.asologold.com\/es\/\"},{\"@type\":\"ListItem\",\"position\":2,\"name\":\"Empresa\"}]},{\"@type\":\"WebSite\",\"@id\":\"https:\/\/www.asologold.com\/es\/#website\",\"url\":\"https:\/\/www.asologold.com\/es\/\",\"name\":\"AsoloGold\",\"description\":\"Tagline\",\"potentialAction\":[{\"@type\":\"SearchAction\",\"target\":{\"@type\":\"EntryPoint\",\"urlTemplate\":\"https:\/\/www.asologold.com\/es\/?s={search_term_string}\"},\"query-input\":{\"@type\":\"PropertyValueSpecification\",\"valueRequired\":true,\"valueName\":\"search_term_string\"}}],\"inLanguage\":\"es\"}]}<\/script>\n<!-- \/ Yoast SEO plugin. -->","yoast_head_json":{"title":"Empresa orfebre - AsoloGold","description":"Asolo Gold es una empresa orfebre familiar fundada en 1984, especializada en la producci\u00f3n de cadenas macizas de oro amarillo, blanco, rosa y platino.","robots":{"index":"index","follow":"follow","max-snippet":"max-snippet:-1","max-image-preview":"max-image-preview:large","max-video-preview":"max-video-preview:-1"},"canonical":"https:\/\/www.asologold.com\/es\/empresa\/","og_locale":"es_ES","og_type":"article","og_title":"Empresa orfebre - AsoloGold","og_description":"Asolo Gold es una empresa orfebre familiar fundada en 1984, especializada en la producci\u00f3n de cadenas macizas de oro amarillo, blanco, rosa y platino.","og_url":"https:\/\/www.asologold.com\/es\/empresa\/","og_site_name":"AsoloGold","article_modified_time":"2025-09-17T10:34:44+00:00","twitter_card":"summary_large_image","twitter_misc":{"Tiempo de lectura":"5 minutos"},"schema":{"@context":"https:\/\/schema.org","@graph":[{"@type":"WebPage","@id":"https:\/\/www.asologold.com\/es\/empresa\/","url":"https:\/\/www.asologold.com\/es\/empresa\/","name":"Empresa orfebre - AsoloGold","isPartOf":{"@id":"https:\/\/www.asologold.com\/es\/#website"},"datePublished":"2020-01-15T21:08:08+00:00","dateModified":"2025-09-17T10:34:44+00:00","description":"Asolo Gold es una empresa orfebre familiar fundada en 1984, especializada en la producci\u00f3n de cadenas macizas de oro amarillo, blanco, rosa y platino.","breadcrumb":{"@id":"https:\/\/www.asologold.com\/es\/empresa\/#breadcrumb"},"inLanguage":"es","potentialAction":[{"@type":"ReadAction","target":["https:\/\/www.asologold.com\/es\/empresa\/"]}]},{"@type":"BreadcrumbList","@id":"https:\/\/www.asologold.com\/es\/empresa\/#breadcrumb","itemListElement":[{"@type":"ListItem","position":1,"name":"Home","item":"https:\/\/www.asologold.com\/es\/"},{"@type":"ListItem","position":2,"name":"Empresa"}]},{"@type":"WebSite","@id":"https:\/\/www.asologold.com\/es\/#website","url":"https:\/\/www.asologold.com\/es\/","name":"AsoloGold","description":"Tagline","potentialAction":[{"@type":"SearchAction","target":{"@type":"EntryPoint","urlTemplate":"https:\/\/www.asologold.com\/es\/?s={search_term_string}"},"query-input":{"@type":"PropertyValueSpecification","valueRequired":true,"valueName":"search_term_string"}}],"inLanguage":"es"}]}},"_links":{"self":[{"href":"https:\/\/www.asologold.com\/es\/wp-json\/wp\/v2\/pages\/2845","targetHints":{"allow":["GET"]}}],"collection":[{"href":"https:\/\/www.asologold.com\/es\/wp-json\/wp\/v2\/pages"}],"about":[{"href":"https:\/\/www.asologold.com\/es\/wp-json\/wp\/v2\/types\/page"}],"author":[{"embeddable":true,"href":"https:\/\/www.asologold.com\/es\/wp-json\/wp\/v2\/users\/1"}],"replies":[{"embeddable":true,"href":"https:\/\/www.asologold.com\/es\/wp-json\/wp\/v2\/comments?post=2845"}],"version-history":[{"count":21,"href":"https:\/\/www.asologold.com\/es\/wp-json\/wp\/v2\/pages\/2845\/revisions"}],"predecessor-version":[{"id":13497,"href":"https:\/\/www.asologold.com\/es\/wp-json\/wp\/v2\/pages\/2845\/revisions\/13497"}],"wp:attachment":[{"href":"https:\/\/www.asologold.com\/es\/wp-json\/wp\/v2\/media?parent=2845"}],"curies":[{"name":"wp","href":"https:\/\/api.w.org\/{rel}","templated":true}]}}