{"id":2669,"date":"2020-01-15T16:44:47","date_gmt":"2020-01-15T15:44:47","guid":{"rendered":"http:\/\/www.asologold.com\/homepage\/"},"modified":"2023-01-11T12:45:11","modified_gmt":"2023-01-11T11:45:11","slug":"homepage","status":"publish","type":"page","link":"https:\/\/www.asologold.com\/es\/homepage\/","title":{"rendered":"Homepage"},"content":{"rendered":"<section class=\"wpb-content-wrapper\"><p>[vc_row][vc_column]\n\t\t\t<!-- START Home ITA  novembre 2022 REVOLUTION SLIDER 6.6.5 --><p class=\"rs-p-wp-fix\"><\/p>\n\t\t\t<rs-module-wrap id=\"rev_slider_6_1_wrapper\" data-source=\"gallery\" style=\"visibility:hidden;background:transparent;padding:0;margin:0px auto;margin-top:0;margin-bottom:0;\">\n\t\t\t\t<rs-module id=\"rev_slider_6_1\" style=\"\" data-version=\"6.6.5\">\n\t\t\t\t\t<rs-slides style=\"overflow: hidden; position: absolute;\">\n\t\t\t\t\t\t<rs-slide style=\"position: absolute;\" data-key=\"rs-10\" data-title=\"Slide\" data-in=\"o:0;\" data-out=\"a:false;\">\n\t\t\t\t\t\t\t<img decoding=\"async\" src=\"\/\/www.asologold.com\/wp-content\/plugins\/revslider\/public\/assets\/assets\/dummy.png\" alt=\"\" title=\"Homepage\" class=\"rev-slidebg tp-rs-img rs-lazyload\" data-lazyload=\"\/\/www.asologold.com\/wp-content\/plugins\/revslider\/public\/assets\/assets\/transparent.png\" data-no-retina>\n\t\t\t\t\t\t\t<rs-bgvideo \n\t\t\t\t\t\t\t\tdata-video=\"w:100%;h:100%;nse:false;l:true;ptimer:false;vfc:true;\"\n\t\t\t\t\t\t\t\tdata-mp4=\"\/\/www.asologold.com\/wp-content\/uploads\/2019\/11\/Montaggio-_Home.mp4\"\n\t\t\t\t\t\t\t><\/rs-bgvideo>\n<!--\n\t\t\t\t\t\t\t--><rs-layer\n\t\t\t\t\t\t\t\tid=\"slider-6-slide-10-layer-1\" \n\t\t\t\t\t\t\t\tdata-type=\"text\"\n\t\t\t\t\t\t\t\tdata-color=\"#ffffff\"\n\t\t\t\t\t\t\t\tdata-rsp_ch=\"on\"\n\t\t\t\t\t\t\t\tdata-xy=\"x:c;y:c;\"\n\t\t\t\t\t\t\t\tdata-text=\"s:30;l:36;ls:9.15px;a:center;\"\n\t\t\t\t\t\t\t\tdata-frame_999=\"o:0;st:w;\"\n\t\t\t\t\t\t\t\tstyle=\"z-index:5;font-family:'Lato';\"\n\t\t\t\t\t\t\t>UNA HISTORIA DORADA<br>\nDE ARTESAN\u00cdA E INNOVACI\u00d3N \n\t\t\t\t\t\t\t<\/rs-layer><!--\n-->\t\t\t\t\t\t<\/rs-slide>\n\t\t\t\t\t<\/rs-slides>\n\t\t\t\t<\/rs-module>\n\t\t\t\t<script>\n\t\t\t\t\tsetREVStartSize({c: 'rev_slider_6_1',rl:[1240,1024,778,480],el:[600],gw:[1240],gh:[600],type:'hero',justify:'',layout:'fullwidth',mh:\"0\"});if (window.RS_MODULES!==undefined && window.RS_MODULES.modules!==undefined && window.RS_MODULES.modules[\"revslider61\"]!==undefined) {window.RS_MODULES.modules[\"revslider61\"].once = false;window.revapi6 = undefined;if (window.RS_MODULES.checkMinimal!==undefined) window.RS_MODULES.checkMinimal()}\n\t\t\t\t<\/script>\n\t\t\t<\/rs-module-wrap>\n\t\t\t<!-- END REVOLUTION SLIDER -->\n[\/vc_column][\/vc_row][vc_row full_width=\u00bbstretch_row_content_no_spaces\u00bb equal_height=\u00bbyes\u00bb][vc_column offset=\u00bbvc_col-lg-6 vc_col-md-12 vc_col-xs-12&#8243; css=\u00bb.vc_custom_1576142659925{margin: 0px !important;padding: 0px !important;}\u00bb]<div  id=\"sc_promo_177186746\" \n\tclass=\"sc_promo sc_promo_default custom_style_3 sc_promo_size_large sc_promo_no_image\"><div class=\"sc_promo_text\" style=\"width: 100%;\">\n\t\t\t<div class=\"sc_promo_text_inner\" style=\"\"><h2 class=\"sc_item_title sc_promo_title sc_align_left sc_item_title_style_default\">El oro, entre la historia y el futuro.<\/h2><div class=\"sc_item_descr sc_promo_descr sc_align_left\">El oro tiene una historia antigua, transmitida de generaci\u00f3n en generaci\u00f3n desde hace m\u00e1s de 50 a\u00f1os por nuestros artesanos expertos. Al mismo tiempo, goza de un innovador dise\u00f1o que refleja la visi\u00f3n vanguardista Asolo Gold. Es una materia absoluta, que para el tiempo y se adelanta a \u00e9l. El resultado son joyas que encierran la experiencia de la cultura orfebre, sorprendi\u00e9ndola con su extraordinario atractivo moderno.<\/div><div class=\"sc_item_button sc_item_button_simple sc_promo_button sc_align_left sc_button_wrap\"><a href=\"\/es\/colecciones\/\"\n\t id=\"sc_button_1108932582\" \n\tclass=\"sc_button sc_button_simple sc_button_size_normal sc_button_icon_left\"\n\t\t><span class=\"sc_button_text\"><span class=\"sc_button_title\">DESCUBRE NUESTRAS COLECCIONES<\/span><\/span><!-- \/.sc_button_text --><\/a><!-- \/.sc_button --><\/div><!-- \/.sc_item_button sc_item_button_simple sc_promo_button sc_align_left --><\/div>\n\t\t<\/div><!-- \/.sc_promo_text --><\/div><!-- \/.sc_promo -->[\/vc_column][vc_column offset=\u00bbvc_col-lg-6 vc_col-md-12 vc_col-xs-12&#8243; css=\u00bb.vc_custom_1673437471036{background-image: url(http:\/\/www.asologold.com\/wp-content\/uploads\/2023\/01\/DD09-140346.png?id=9191) !important;background-position: center !important;background-repeat: no-repeat !important;background-size: cover !important;}\u00bb][vc_empty_space height=\u00bb450px\u00bb alter_height=\u00bbnone\u00bb hide_on_mobile=\u00bb\u00bb][\/vc_column][\/vc_row][vc_row full_width=\u00bbstretch_row_content_no_spaces\u00bb][vc_column offset=\u00bbvc_col-lg-6 vc_col-md-12 vc_col-xs-12&#8243; css=\u00bb.vc_custom_1673437488999{background-image: url(http:\/\/www.asologold.com\/wp-content\/uploads\/2023\/01\/DD09-140370B.png?id=9194) !important;background-position: center !important;background-repeat: no-repeat !important;background-size: cover !important;}\u00bb][vc_empty_space height=\u00bb450px\u00bb alter_height=\u00bbnone\u00bb hide_on_mobile=\u00bb\u00bb][\/vc_column][vc_column offset=\u00bbvc_col-lg-6 vc_col-md-12 vc_col-xs-12&#8243; css=\u00bb.vc_custom_1673437506253{background-image: url(http:\/\/www.asologold.com\/wp-content\/uploads\/2023\/01\/DD09-140370.png?id=9197) !important;background-position: center !important;background-repeat: no-repeat !important;background-size: cover !important;}\u00bb][vc_empty_space height=\u00bb450px\u00bb alter_height=\u00bbnone\u00bb hide_on_mobile=\u00bb\u00bb][\/vc_column][\/vc_row]<\/p>\n<\/section>","protected":false},"excerpt":{"rendered":"<p>[vc_row][vc_column][\/vc_column][\/vc_row][vc_row full_width=\u00bbstretch_row_content_no_spaces\u00bb equal_height=\u00bbyes\u00bb][vc_column offset=\u00bbvc_col-lg-6 vc_col-md-12 vc_col-xs-12&#8243; css=\u00bb.vc_custom_1576142659925{margin: 0px !important;padding: 0px !important;}\u00bb][\/vc_column][vc_column offset=\u00bbvc_col-lg-6 vc_col-md-12 vc_col-xs-12&#8243; css=\u00bb.vc_custom_1673437471036{background-image: url(http:\/\/www.asologold.com\/wp-content\/uploads\/2023\/01\/DD09-140346.png?id=9191) !important;background-position: center !important;background-repeat: no-repeat !important;background-size: cover !important;}\u00bb][vc_empty_space height=\u00bb450px\u00bb alter_height=\u00bbnone\u00bb hide_on_mobile=\u00bb\u00bb][\/vc_column][\/vc_row][vc_row full_width=\u00bbstretch_row_content_no_spaces\u00bb][vc_column offset=\u00bbvc_col-lg-6 vc_col-md-12 vc_col-xs-12&#8243; css=\u00bb.vc_custom_1673437488999{background-image: url(http:\/\/www.asologold.com\/wp-content\/uploads\/2023\/01\/DD09-140370B.png?id=9194) !important;background-position: center !important;background-repeat: no-repeat !important;background-size: cover !important;}\u00bb][vc_empty_space height=\u00bb450px\u00bb alter_height=\u00bbnone\u00bb hide_on_mobile=\u00bb\u00bb][\/vc_column][vc_column offset=\u00bbvc_col-lg-6 vc_col-md-12 vc_col-xs-12&#8243; css=\u00bb.vc_custom_1673437506253{background-image: url(http:\/\/www.asologold.com\/wp-content\/uploads\/2023\/01\/DD09-140370.png?id=9197) !important;background-position: center !important;background-repeat: no-repeat !important;background-size: cover !important;}\u00bb][vc_empty_space height=\u00bb450px\u00bb alter_height=\u00bbnone\u00bb hide_on_mobile=\u00bb\u00bb][\/vc_column][\/vc_row]<\/p>\n","protected":false},"author":1,"featured_media":0,"parent":0,"menu_order":0,"comment_status":"closed","ping_status":"closed","template":"","meta":{"footnotes":""},"class_list":["post-2669","page","type-page","status-publish","hentry"],"yoast_head":"<!-- This site is optimized with the Yoast SEO plugin v26.7 - https:\/\/yoast.com\/wordpress\/plugins\/seo\/ -->\n<title>Cadenas macizas de oro amarillo, blanco, rosa y platino - AsoloGold<\/title>\n<meta name=\"description\" content=\"Asolo Gold es una empresa orfebre familiar especializada en la producci\u00f3n de cadenas macizas de oro amarillo, blanco, rosa y platino, fundada en 1984.\" \/>\n<meta name=\"robots\" content=\"index, follow, max-snippet:-1, max-image-preview:large, max-video-preview:-1\" \/>\n<link rel=\"canonical\" href=\"https:\/\/www.asologold.com\/es\/homepage\/\" \/>\n<meta property=\"og:locale\" content=\"es_ES\" \/>\n<meta property=\"og:type\" content=\"article\" \/>\n<meta property=\"og:title\" content=\"Cadenas macizas de oro amarillo, blanco, rosa y platino - AsoloGold\" \/>\n<meta property=\"og:description\" content=\"Asolo Gold es una empresa orfebre familiar especializada en la producci\u00f3n de cadenas macizas de oro amarillo, blanco, rosa y platino, fundada en 1984.\" \/>\n<meta property=\"og:url\" content=\"https:\/\/www.asologold.com\/es\/homepage\/\" \/>\n<meta property=\"og:site_name\" content=\"AsoloGold\" \/>\n<meta property=\"article:modified_time\" content=\"2023-01-11T11:45:11+00:00\" \/>\n<meta name=\"twitter:card\" content=\"summary_large_image\" \/>\n<meta name=\"twitter:label1\" content=\"Tiempo de lectura\" \/>\n\t<meta name=\"twitter:data1\" content=\"1 minuto\" \/>\n<script type=\"application\/ld+json\" class=\"yoast-schema-graph\">{\"@context\":\"https:\/\/schema.org\",\"@graph\":[{\"@type\":\"WebPage\",\"@id\":\"https:\/\/www.asologold.com\/es\/homepage\/\",\"url\":\"https:\/\/www.asologold.com\/es\/homepage\/\",\"name\":\"Cadenas macizas de oro amarillo, blanco, rosa y platino - AsoloGold\",\"isPartOf\":{\"@id\":\"https:\/\/www.asologold.com\/es\/#website\"},\"datePublished\":\"2020-01-15T15:44:47+00:00\",\"dateModified\":\"2023-01-11T11:45:11+00:00\",\"description\":\"Asolo Gold es una empresa orfebre familiar especializada en la producci\u00f3n de cadenas macizas de oro amarillo, blanco, rosa y platino, fundada en 1984.\",\"breadcrumb\":{\"@id\":\"https:\/\/www.asologold.com\/es\/homepage\/#breadcrumb\"},\"inLanguage\":\"es\",\"potentialAction\":[{\"@type\":\"ReadAction\",\"target\":[\"https:\/\/www.asologold.com\/es\/homepage\/\"]}]},{\"@type\":\"BreadcrumbList\",\"@id\":\"https:\/\/www.asologold.com\/es\/homepage\/#breadcrumb\",\"itemListElement\":[{\"@type\":\"ListItem\",\"position\":1,\"name\":\"Home\",\"item\":\"https:\/\/www.asologold.com\/es\/\"},{\"@type\":\"ListItem\",\"position\":2,\"name\":\"Homepage\"}]},{\"@type\":\"WebSite\",\"@id\":\"https:\/\/www.asologold.com\/es\/#website\",\"url\":\"https:\/\/www.asologold.com\/es\/\",\"name\":\"AsoloGold\",\"description\":\"Tagline\",\"potentialAction\":[{\"@type\":\"SearchAction\",\"target\":{\"@type\":\"EntryPoint\",\"urlTemplate\":\"https:\/\/www.asologold.com\/es\/?s={search_term_string}\"},\"query-input\":{\"@type\":\"PropertyValueSpecification\",\"valueRequired\":true,\"valueName\":\"search_term_string\"}}],\"inLanguage\":\"es\"}]}<\/script>\n<!-- \/ Yoast SEO plugin. -->","yoast_head_json":{"title":"Cadenas macizas de oro amarillo, blanco, rosa y platino - AsoloGold","description":"Asolo Gold es una empresa orfebre familiar especializada en la producci\u00f3n de cadenas macizas de oro amarillo, blanco, rosa y platino, fundada en 1984.","robots":{"index":"index","follow":"follow","max-snippet":"max-snippet:-1","max-image-preview":"max-image-preview:large","max-video-preview":"max-video-preview:-1"},"canonical":"https:\/\/www.asologold.com\/es\/homepage\/","og_locale":"es_ES","og_type":"article","og_title":"Cadenas macizas de oro amarillo, blanco, rosa y platino - AsoloGold","og_description":"Asolo Gold es una empresa orfebre familiar especializada en la producci\u00f3n de cadenas macizas de oro amarillo, blanco, rosa y platino, fundada en 1984.","og_url":"https:\/\/www.asologold.com\/es\/homepage\/","og_site_name":"AsoloGold","article_modified_time":"2023-01-11T11:45:11+00:00","twitter_card":"summary_large_image","twitter_misc":{"Tiempo de lectura":"1 minuto"},"schema":{"@context":"https:\/\/schema.org","@graph":[{"@type":"WebPage","@id":"https:\/\/www.asologold.com\/es\/homepage\/","url":"https:\/\/www.asologold.com\/es\/homepage\/","name":"Cadenas macizas de oro amarillo, blanco, rosa y platino - AsoloGold","isPartOf":{"@id":"https:\/\/www.asologold.com\/es\/#website"},"datePublished":"2020-01-15T15:44:47+00:00","dateModified":"2023-01-11T11:45:11+00:00","description":"Asolo Gold es una empresa orfebre familiar especializada en la producci\u00f3n de cadenas macizas de oro amarillo, blanco, rosa y platino, fundada en 1984.","breadcrumb":{"@id":"https:\/\/www.asologold.com\/es\/homepage\/#breadcrumb"},"inLanguage":"es","potentialAction":[{"@type":"ReadAction","target":["https:\/\/www.asologold.com\/es\/homepage\/"]}]},{"@type":"BreadcrumbList","@id":"https:\/\/www.asologold.com\/es\/homepage\/#breadcrumb","itemListElement":[{"@type":"ListItem","position":1,"name":"Home","item":"https:\/\/www.asologold.com\/es\/"},{"@type":"ListItem","position":2,"name":"Homepage"}]},{"@type":"WebSite","@id":"https:\/\/www.asologold.com\/es\/#website","url":"https:\/\/www.asologold.com\/es\/","name":"AsoloGold","description":"Tagline","potentialAction":[{"@type":"SearchAction","target":{"@type":"EntryPoint","urlTemplate":"https:\/\/www.asologold.com\/es\/?s={search_term_string}"},"query-input":{"@type":"PropertyValueSpecification","valueRequired":true,"valueName":"search_term_string"}}],"inLanguage":"es"}]}},"_links":{"self":[{"href":"https:\/\/www.asologold.com\/es\/wp-json\/wp\/v2\/pages\/2669","targetHints":{"allow":["GET"]}}],"collection":[{"href":"https:\/\/www.asologold.com\/es\/wp-json\/wp\/v2\/pages"}],"about":[{"href":"https:\/\/www.asologold.com\/es\/wp-json\/wp\/v2\/types\/page"}],"author":[{"embeddable":true,"href":"https:\/\/www.asologold.com\/es\/wp-json\/wp\/v2\/users\/1"}],"replies":[{"embeddable":true,"href":"https:\/\/www.asologold.com\/es\/wp-json\/wp\/v2\/comments?post=2669"}],"version-history":[{"count":6,"href":"https:\/\/www.asologold.com\/es\/wp-json\/wp\/v2\/pages\/2669\/revisions"}],"predecessor-version":[{"id":9200,"href":"https:\/\/www.asologold.com\/es\/wp-json\/wp\/v2\/pages\/2669\/revisions\/9200"}],"wp:attachment":[{"href":"https:\/\/www.asologold.com\/es\/wp-json\/wp\/v2\/media?parent=2669"}],"curies":[{"name":"wp","href":"https:\/\/api.w.org\/{rel}","templated":true}]}}