{"id":10179,"date":"2024-05-24T10:31:33","date_gmt":"2024-05-24T08:31:33","guid":{"rendered":"https:\/\/www.asologold.com\/?page_id=10179"},"modified":"2025-01-08T09:17:08","modified_gmt":"2025-01-08T08:17:08","slug":"homepage-24","status":"publish","type":"page","link":"https:\/\/www.asologold.com\/es\/","title":{"rendered":"Homepage 24"},"content":{"rendered":"<section class=\"wpb-content-wrapper\"><p>[vc_row][vc_column]\n\t\t\t<!-- START hp 2024 _ 05 REVOLUTION SLIDER 6.6.5 --><p class=\"rs-p-wp-fix\"><\/p>\n\t\t\t<rs-module-wrap id=\"rev_slider_8_1_wrapper\" data-source=\"gallery\" style=\"visibility:hidden;background:transparent;padding:0;margin:0px auto;margin-top:0;margin-bottom:0;\">\n\t\t\t\t<rs-module id=\"rev_slider_8_1\" style=\"\" data-version=\"6.6.5\">\n\t\t\t\t\t<rs-slides style=\"overflow: hidden; position: absolute;\">\n\t\t\t\t\t\t<rs-slide style=\"position: absolute;\" data-key=\"rs-12\" data-title=\"Slide\" data-in=\"o:0;\" data-out=\"a:false;\">\n\t\t\t\t\t\t\t<img decoding=\"async\" src=\"\/\/www.asologold.com\/wp-content\/plugins\/revslider\/public\/assets\/assets\/dummy.png\" alt=\"\" title=\"Catene-slide_12.jpeg\" width=\"1920\" height=\"1080\" class=\"rev-slidebg tp-rs-img rs-lazyload\" data-lazyload=\"\/\/www.asologold.com\/wp-content\/uploads\/revslider\/video-media\/Catene-slide_12.jpeg\" data-no-retina>\n\t\t\t\t\t\t\t<rs-bgvideo \n\t\t\t\t\t\t\t\tdata-video=\"w:100%;h:100%;nse:false;l:true;ptimer:false;vfc:true;\"\n\t\t\t\t\t\t\t\tdata-mp4=\"\/\/www.asologold.com\/wp-content\/uploads\/2025\/01\/Catene-slide.mp4\"\n\t\t\t\t\t\t\t><\/rs-bgvideo>\n<!---->\t\t\t\t\t\t<\/rs-slide>\n\t\t\t\t\t<\/rs-slides>\n\t\t\t\t<\/rs-module>\n\t\t\t\t<script>\n\t\t\t\t\tsetREVStartSize({c: 'rev_slider_8_1',rl:[1240,1024,778,480],el:[698],gw:[1240],gh:[698],type:'hero',justify:'',layout:'fullwidth',mh:\"0\"});if (window.RS_MODULES!==undefined && window.RS_MODULES.modules!==undefined && window.RS_MODULES.modules[\"revslider81\"]!==undefined) {window.RS_MODULES.modules[\"revslider81\"].once = false;window.revapi8 = undefined;if (window.RS_MODULES.checkMinimal!==undefined) window.RS_MODULES.checkMinimal()}\n\t\t\t\t<\/script>\n\t\t\t<\/rs-module-wrap>\n\t\t\t<!-- END REVOLUTION SLIDER -->\n[\/vc_column][\/vc_row][vc_row css=\u00bb.vc_custom_1715245282901{margin-top: 70px !important;}\u00bb][vc_column]<div  id=\"sc_promo_1210465554\" \n\tclass=\"sc_promo sc_promo_default custom_style_3 sc_promo_size_large sc_promo_no_image\"><div class=\"sc_promo_text sc_float_center\" style=\"width: 100%;\">\n\t\t\t<div class=\"sc_promo_text_inner sc_align_center sc_content_width_2_3\" style=\"\"><h2 class=\"sc_item_title sc_promo_title sc_align_center sc_item_title_style_default\">El oro, entre la historia y el futuro.<\/h2><div class=\"sc_item_descr sc_promo_descr sc_align_center\">El oro tiene una historia antigua, transmitida de generaci\u00f3n en generaci\u00f3n desde hace m\u00e1s de 50 a\u00f1os por nuestros artesanos expertos. Al mismo tiempo, goza de un innovador dise\u00f1o que refleja la visi\u00f3n vanguardista Asolo Gold. Es una materia absoluta, que para el tiempo y se adelanta a \u00e9l. El resultado son joyas que encierran la experiencia de la cultura orfebre, sorprendi\u00e9ndola con su extraordinario atractivo moderno.<\/div><div class=\"sc_item_button sc_item_button_simple sc_promo_button sc_align_center sc_button_wrap\"><a href=\"\/es\/colecciones\/\"\n\t id=\"sc_button_1658617728\" \n\tclass=\"sc_button sc_button_simple sc_button_size_normal sc_button_icon_left\"\n\t\t><span class=\"sc_button_text\"><span class=\"sc_button_title\">DESCUBRE NUESTRAS COLECCIONES<\/span><\/span><!-- \/.sc_button_text --><\/a><!-- \/.sc_button --><\/div><!-- \/.sc_item_button sc_item_button_simple sc_promo_button sc_align_center --><\/div>\n\t\t<\/div><!-- \/.sc_promo_text --><\/div><!-- \/.sc_promo -->[\/vc_column][\/vc_row][vc_row gap=\u00bb25&#8243; css=\u00bb.vc_custom_1715245078274{margin-bottom: 0px !important;}\u00bb][vc_column width=\u00bb1\/2&#8243;][vc_single_image image=\u00bb10964&#8243; img_size=\u00bbfull\u00bb alignment=\u00bbcenter\u00bb][vc_empty_space height=\u00bb30px\u00bb hide_on_mobile=\u00bb\u00bb][vc_single_image image=\u00bb10967&#8243; img_size=\u00bbfull\u00bb alignment=\u00bbcenter\u00bb][\/vc_column][vc_column width=\u00bb1\/2&#8243;][vc_single_image image=\u00bb10973&#8243; img_size=\u00bbfull\u00bb alignment=\u00bbcenter\u00bb][vc_empty_space height=\u00bb30px\u00bb hide_on_mobile=\u00bb\u00bb][vc_single_image image=\u00bb10970&#8243; img_size=\u00bbfull\u00bb alignment=\u00bbcenter\u00bb][\/vc_column][\/vc_row][vc_row css=\u00bb.vc_custom_1715172779330{margin-top: 140px !important;margin-bottom: 0px !important;}\u00bb][vc_column]\n\t\t\t<!-- START azienda home 2024 REVOLUTION SLIDER 6.6.5 --><p class=\"rs-p-wp-fix\"><\/p>\n\t\t\t<rs-module-wrap id=\"rev_slider_10_2_wrapper\" data-source=\"gallery\" style=\"visibility:hidden;background:transparent;padding:0;margin:0px auto;margin-top:0;margin-bottom:0;\">\n\t\t\t\t<rs-module id=\"rev_slider_10_2\" style=\"\" data-version=\"6.6.5\">\n\t\t\t\t\t<rs-slides style=\"overflow: hidden; position: absolute;\">\n\t\t\t\t\t\t<rs-slide style=\"position: absolute;\" data-key=\"rs-14\" data-title=\"Slide\" data-in=\"o:0;\" data-out=\"a:false;\">\n\t\t\t\t\t\t\t<img decoding=\"async\" src=\"\/\/www.asologold.com\/wp-content\/plugins\/revslider\/public\/assets\/assets\/dummy.png\" alt=\"\" title=\"VideoAzienda_home_14.jpeg\" width=\"1920\" height=\"1080\" class=\"rev-slidebg tp-rs-img rs-lazyload\" data-lazyload=\"\/\/www.asologold.com\/wp-content\/uploads\/revslider\/video-media\/VideoAzienda_home_14.jpeg\" data-no-retina>\n\t\t\t\t\t\t\t<rs-bgvideo \n\t\t\t\t\t\t\t\tdata-video=\"w:100%;h:100%;nse:false;l:true;ptimer:false;vfc:true;\"\n\t\t\t\t\t\t\t\tdata-mp4=\"\/\/www.asologold.com\/wp-content\/uploads\/2024\/05\/VideoAzienda_home.mp4\"\n\t\t\t\t\t\t\t><\/rs-bgvideo>\n<!--\n\t\t\t\t\t\t\t--><rs-layer\n\t\t\t\t\t\t\t\tid=\"slider-10-slide-14-layer-1\" \n\t\t\t\t\t\t\t\tdata-type=\"text\"\n\t\t\t\t\t\t\t\tdata-color=\"#ffffff\"\n\t\t\t\t\t\t\t\tdata-rsp_ch=\"on\"\n\t\t\t\t\t\t\t\tdata-xy=\"x:c;y:c;\"\n\t\t\t\t\t\t\t\tdata-text=\"s:30;l:36;ls:9.15px;a:center;\"\n\t\t\t\t\t\t\t\tdata-frame_999=\"o:0;st:w;\"\n\t\t\t\t\t\t\t\tstyle=\"z-index:5;font-family:'Lato';\"\n\t\t\t\t\t\t\t>A GOLD STORY OF CRAFTSMANSHIP<br>AND INNOVATION. \n\t\t\t\t\t\t\t<\/rs-layer><!--\n-->\t\t\t\t\t\t<\/rs-slide>\n\t\t\t\t\t<\/rs-slides>\n\t\t\t\t<\/rs-module>\n\t\t\t\t<script>\n\t\t\t\t\tsetREVStartSize({c: 'rev_slider_10_2',rl:[1240,1024,778,480],el:[600],gw:[1240],gh:[600],type:'hero',justify:'',layout:'fullwidth',mh:\"0\"});if (window.RS_MODULES!==undefined && window.RS_MODULES.modules!==undefined && window.RS_MODULES.modules[\"revslider102\"]!==undefined) {window.RS_MODULES.modules[\"revslider102\"].once = false;window.revapi10 = undefined;if (window.RS_MODULES.checkMinimal!==undefined) window.RS_MODULES.checkMinimal()}\n\t\t\t\t<\/script>\n\t\t\t<\/rs-module-wrap>\n\t\t\t<!-- END REVOLUTION SLIDER -->\n[\/vc_column][\/vc_row]<\/p>\n<\/section>","protected":false},"excerpt":{"rendered":"<p>[vc_row][vc_column][\/vc_column][\/vc_row][vc_row css=\u00bb.vc_custom_1715245282901{margin-top: 70px !important;}\u00bb][vc_column][\/vc_column][\/vc_row][vc_row gap=\u00bb25&#8243; css=\u00bb.vc_custom_1715245078274{margin-bottom: 0px !important;}\u00bb][vc_column width=\u00bb1\/2&#8243;][vc_single_image image=\u00bb10964&#8243; img_size=\u00bbfull\u00bb alignment=\u00bbcenter\u00bb][vc_empty_space height=\u00bb30px\u00bb hide_on_mobile=\u00bb\u00bb][vc_single_image image=\u00bb10967&#8243; img_size=\u00bbfull\u00bb alignment=\u00bbcenter\u00bb][\/vc_column][vc_column width=\u00bb1\/2&#8243;][vc_single_image image=\u00bb10973&#8243; img_size=\u00bbfull\u00bb alignment=\u00bbcenter\u00bb][vc_empty_space height=\u00bb30px\u00bb hide_on_mobile=\u00bb\u00bb][vc_single_image image=\u00bb10970&#8243; img_size=\u00bbfull\u00bb alignment=\u00bbcenter\u00bb][\/vc_column][\/vc_row][vc_row css=\u00bb.vc_custom_1715172779330{margin-top: 140px !important;margin-bottom: 0px !important;}\u00bb][vc_column][\/vc_column][\/vc_row]<\/p>\n","protected":false},"author":1,"featured_media":0,"parent":0,"menu_order":0,"comment_status":"closed","ping_status":"closed","template":"","meta":{"footnotes":""},"class_list":["post-10179","page","type-page","status-publish","hentry"],"yoast_head":"<!-- This site is optimized with the Yoast SEO plugin v26.7 - https:\/\/yoast.com\/wordpress\/plugins\/seo\/ -->\n<title>Catene in oro e platino - AsoloGold<\/title>\n<meta name=\"description\" content=\"Asolo Gold \u00e8 un&#039;azienda leader nella progettazione, produzione e commecializzazione di gioelli in oro e platino, fin dal 1984.\" \/>\n<meta name=\"robots\" content=\"index, follow, max-snippet:-1, max-image-preview:large, max-video-preview:-1\" \/>\n<link rel=\"canonical\" href=\"https:\/\/www.asologold.com\/es\/\" \/>\n<meta property=\"og:locale\" content=\"es_ES\" \/>\n<meta property=\"og:type\" content=\"article\" \/>\n<meta property=\"og:title\" content=\"Catene in oro e platino - AsoloGold\" \/>\n<meta property=\"og:description\" content=\"Asolo Gold \u00e8 un&#039;azienda leader nella progettazione, produzione e commecializzazione di gioelli in oro e platino, fin dal 1984.\" \/>\n<meta property=\"og:url\" content=\"https:\/\/www.asologold.com\/es\/\" \/>\n<meta property=\"og:site_name\" content=\"AsoloGold\" \/>\n<meta property=\"article:modified_time\" content=\"2025-01-08T08:17:08+00:00\" \/>\n<meta name=\"twitter:card\" content=\"summary_large_image\" \/>\n<meta name=\"twitter:label1\" content=\"Tiempo de lectura\" \/>\n\t<meta name=\"twitter:data1\" content=\"1 minuto\" \/>\n<script type=\"application\/ld+json\" class=\"yoast-schema-graph\">{\"@context\":\"https:\/\/schema.org\",\"@graph\":[{\"@type\":\"WebPage\",\"@id\":\"https:\/\/www.asologold.com\/es\/\",\"url\":\"https:\/\/www.asologold.com\/es\/\",\"name\":\"Catene in oro e platino - AsoloGold\",\"isPartOf\":{\"@id\":\"https:\/\/www.asologold.com\/es\/#website\"},\"datePublished\":\"2024-05-24T08:31:33+00:00\",\"dateModified\":\"2025-01-08T08:17:08+00:00\",\"description\":\"Asolo Gold \u00e8 un'azienda leader nella progettazione, produzione e commecializzazione di gioelli in oro e platino, fin dal 1984.\",\"breadcrumb\":{\"@id\":\"https:\/\/www.asologold.com\/es\/#breadcrumb\"},\"inLanguage\":\"es\",\"potentialAction\":[{\"@type\":\"ReadAction\",\"target\":[\"https:\/\/www.asologold.com\/es\/\"]}]},{\"@type\":\"BreadcrumbList\",\"@id\":\"https:\/\/www.asologold.com\/es\/#breadcrumb\",\"itemListElement\":[{\"@type\":\"ListItem\",\"position\":1,\"name\":\"Home\",\"item\":\"https:\/\/www.asologold.com\/es\/\"},{\"@type\":\"ListItem\",\"position\":2,\"name\":\"Homepage 24\"}]},{\"@type\":\"WebSite\",\"@id\":\"https:\/\/www.asologold.com\/es\/#website\",\"url\":\"https:\/\/www.asologold.com\/es\/\",\"name\":\"AsoloGold\",\"description\":\"Tagline\",\"potentialAction\":[{\"@type\":\"SearchAction\",\"target\":{\"@type\":\"EntryPoint\",\"urlTemplate\":\"https:\/\/www.asologold.com\/es\/?s={search_term_string}\"},\"query-input\":{\"@type\":\"PropertyValueSpecification\",\"valueRequired\":true,\"valueName\":\"search_term_string\"}}],\"inLanguage\":\"es\"}]}<\/script>\n<!-- \/ Yoast SEO plugin. -->","yoast_head_json":{"title":"Catene in oro e platino - AsoloGold","description":"Asolo Gold \u00e8 un'azienda leader nella progettazione, produzione e commecializzazione di gioelli in oro e platino, fin dal 1984.","robots":{"index":"index","follow":"follow","max-snippet":"max-snippet:-1","max-image-preview":"max-image-preview:large","max-video-preview":"max-video-preview:-1"},"canonical":"https:\/\/www.asologold.com\/es\/","og_locale":"es_ES","og_type":"article","og_title":"Catene in oro e platino - AsoloGold","og_description":"Asolo Gold \u00e8 un'azienda leader nella progettazione, produzione e commecializzazione di gioelli in oro e platino, fin dal 1984.","og_url":"https:\/\/www.asologold.com\/es\/","og_site_name":"AsoloGold","article_modified_time":"2025-01-08T08:17:08+00:00","twitter_card":"summary_large_image","twitter_misc":{"Tiempo de lectura":"1 minuto"},"schema":{"@context":"https:\/\/schema.org","@graph":[{"@type":"WebPage","@id":"https:\/\/www.asologold.com\/es\/","url":"https:\/\/www.asologold.com\/es\/","name":"Catene in oro e platino - AsoloGold","isPartOf":{"@id":"https:\/\/www.asologold.com\/es\/#website"},"datePublished":"2024-05-24T08:31:33+00:00","dateModified":"2025-01-08T08:17:08+00:00","description":"Asolo Gold \u00e8 un'azienda leader nella progettazione, produzione e commecializzazione di gioelli in oro e platino, fin dal 1984.","breadcrumb":{"@id":"https:\/\/www.asologold.com\/es\/#breadcrumb"},"inLanguage":"es","potentialAction":[{"@type":"ReadAction","target":["https:\/\/www.asologold.com\/es\/"]}]},{"@type":"BreadcrumbList","@id":"https:\/\/www.asologold.com\/es\/#breadcrumb","itemListElement":[{"@type":"ListItem","position":1,"name":"Home","item":"https:\/\/www.asologold.com\/es\/"},{"@type":"ListItem","position":2,"name":"Homepage 24"}]},{"@type":"WebSite","@id":"https:\/\/www.asologold.com\/es\/#website","url":"https:\/\/www.asologold.com\/es\/","name":"AsoloGold","description":"Tagline","potentialAction":[{"@type":"SearchAction","target":{"@type":"EntryPoint","urlTemplate":"https:\/\/www.asologold.com\/es\/?s={search_term_string}"},"query-input":{"@type":"PropertyValueSpecification","valueRequired":true,"valueName":"search_term_string"}}],"inLanguage":"es"}]}},"_links":{"self":[{"href":"https:\/\/www.asologold.com\/es\/wp-json\/wp\/v2\/pages\/10179","targetHints":{"allow":["GET"]}}],"collection":[{"href":"https:\/\/www.asologold.com\/es\/wp-json\/wp\/v2\/pages"}],"about":[{"href":"https:\/\/www.asologold.com\/es\/wp-json\/wp\/v2\/types\/page"}],"author":[{"embeddable":true,"href":"https:\/\/www.asologold.com\/es\/wp-json\/wp\/v2\/users\/1"}],"replies":[{"embeddable":true,"href":"https:\/\/www.asologold.com\/es\/wp-json\/wp\/v2\/comments?post=10179"}],"version-history":[{"count":5,"href":"https:\/\/www.asologold.com\/es\/wp-json\/wp\/v2\/pages\/10179\/revisions"}],"predecessor-version":[{"id":10976,"href":"https:\/\/www.asologold.com\/es\/wp-json\/wp\/v2\/pages\/10179\/revisions\/10976"}],"wp:attachment":[{"href":"https:\/\/www.asologold.com\/es\/wp-json\/wp\/v2\/media?parent=10179"}],"curies":[{"name":"wp","href":"https:\/\/api.w.org\/{rel}","templated":true}]}}