{"id":9340,"date":"2023-03-27T12:33:32","date_gmt":"2023-03-27T10:33:32","guid":{"rendered":"http:\/\/www.asologold.com\/?page_id=9340"},"modified":"2023-03-27T12:33:32","modified_gmt":"2023-03-27T10:33:32","slug":"privacy-candidates","status":"publish","type":"page","link":"https:\/\/www.asologold.com\/en\/privacy-candidates\/","title":{"rendered":"Privacy candidates"},"content":{"rendered":"<h4>INFORMATIVA AI SENSI DELL\u2019ART. 13 REGOLAMENTO (UE) 2016\/679<br \/>\nrelativa al trattamento dei dati personali dei candidati<\/h4>\n<p>Egregio Signore \/ Gentile Signora, il Regolamento Europeo (UE) 2016\/679 (di seguito \u201c<strong>GDPR<\/strong>\u201d) stabilisce norme relative alla protezione delle persone fisiche con riguardo al trattamento dei dati personali, nonch\u00e9 norme relative alla libera circolazione di tali dati. Nel rispetto del principio di trasparenza di cui all\u2019art. 5 GDPR e ai sensi dell\u2019art. 13 GDPR, <strong>Asolo Gold S.p.A<\/strong>., in qualit\u00e0 di Titolare del Trattamento dei Suoi dati personali (di seguito anche solo \u201c<strong>Dati<\/strong>\u201d) raccolti mediante il Curriculum vitae da Lei trasmesso\/consegnato o comunque da Lei comunicati nel corso del processo di selezione, Le fornisce, nella Sua qualit\u00e0 di Interessato, le seguenti informazioni. La presente Informativa non esclude che ulteriori informazioni Le siano fornite oralmente al momento della raccolta dei Dati, ovvero attraverso ulteriori specifiche informative. Per ogni informazione, dubbio o chiarimento in merito al trattamento dei Suoi Dati, nonch\u00e9 per esercitare i diritti che Le sono riconosciuti dal GDPR, pu\u00f2 contattare il Titolare del trattamento con le modalit\u00e0 di seguito indicate.<\/p>\n<table width=\"99%\">\n<tbody>\n<tr>\n<td width=\"40%\"><strong>TITOLARE DEL TRATTAMENTO<\/strong><\/td>\n<td width=\"51%\"><strong>Asolo Gold S.p.A.<br \/>\n<\/strong>C.F.\/P.IVA.: 01696060266<br \/>\ncon sede legale in Via delle Industrie, 9<br \/>\nCAP 31020, Loc. San Zenone degli Ezzelini, Treviso (TV)<br \/>\n(di seguito \u201c<strong>Societ\u00e0 o Titolare<\/strong>\u201d).<\/td>\n<\/tr>\n<tr>\n<td width=\"40%\"><strong>MODALIT\u00c0 <\/strong><strong>DI CONTATTO DEL TITOLARE<\/strong><\/td>\n<td width=\"51%\">Raccomandata A\/R alla sede legale<br \/>\nE-mail al seguente indirizzo: privacy@asologold.com<\/td>\n<\/tr>\n<\/tbody>\n<\/table>\n<p><strong>FINALIT\u00c0 DEL TRATTAMENTO<\/strong><br \/>\nI Dati sono trattati per la specifica finalit\u00e0 di ricerca e selezione del personale, quindi:<br \/>\n&#8211; per valutare la coerenza del Suo profilo rispetto alle posizioni lavorative aperte presso la Societ\u00e0 e per effettuare le opportune considerazioni in ordine alla possibilit\u00e0 di instaurare con Lei un rapporto di lavoro ovvero di collaborazione (es. tirocinio);<br \/>\n&#8211; in caso di Sua candidatura spontanea, per valutare il Suo profilo e per effettuare le opportune considerazioni in ordine alla possibilit\u00e0 di instaurare con Lei un rapporto di lavoro ovvero di collaborazione (es. tirocinio).<\/p>\n<p><strong>BASE GIURIDICA DEL TRATTAMENTO<br \/>\n<\/strong>La base giuridica del trattamento dei Suoi dati personali \u00e8 quella prevista dall\u2019art. 6, lett. b) del GDPR: \u201c<em>il trattamento \u00e8 necessario all\u2019esecuzione di misure precontrattuali adottate su richiesta dell\u2019interessato<\/em>\u201d.<br \/>\nQualora il trattamento dovesse avere ad oggetto dati particolari (es. idonei a rivelare lo stato di salute dell\u2019interessato, al fine dell\u2019assunzione di lavoratori appartenenti a categorie protette), il trattamento si baser\u00e0 sull\u2019art. 9 comma 2 lett. b) GDPR: \u201c<em>Il trattamento \u00e8 necessario per assolvere gli obblighi ed esercitare i diritti specifici del titolare del trattamento o dell\u2019interessato in materia di diritto del lavoro e della sicurezza sociale e protezione sociale<\/em>\u201d.<br \/>\nQualora l\u2019interessato, malgrado l\u2019invito a non fornirli, comunichi dati non pertinenti rispetto alla finalit\u00e0 di ricerca e selezione del personale, il Titolare si asterr\u00e0 dal trattamento di tali informazioni nel rispetto della normativa vigente.<\/p>\n<p><strong>PERIODO DI CONSERVAZIONE DEI DATI<\/strong><br \/>\n12 mesi dalla ricezione del curriculum vitae o comunque dal termine della procedura di selezione.<br \/>\nDecorso il suddetto periodo, i Dati saranno distrutti o resi anonimi, salvo che la conservazione per un periodo ulteriore sia determinati da specifiche norme di legge o da legittime richieste\/ordini delle Autorit\u00e0.<\/p>\n<p><strong>CATEGORIE DI DATI TRATTATI <\/strong><br \/>\nNel perseguimento delle finalit\u00e0 sopra indicate verranno trattati:<\/p>\n<ul>\n<li><strong>dati personali comuni<\/strong>, quali, a titolo esemplificativo: dati identificativi e anagrafici (es. nome, cognome, codice fiscale, data di nascita); dati relativi all\u2019ubicazione (indirizzo di residenza o domicilio); dati di contatto (numero di telefono, e-mail); dati relativi alla formazione e alla professione svolta (es. titolo di studio, esperienze professionali, conoscenze tecniche); eventuale immagine presente nel <em>curriculum vitae<\/em>;<\/li>\n<li><strong>dati appartenenti a categorie particolari<\/strong>: in particolare, dati relativi alla salute, solo se strettamente pertinenti alle finalit\u00e0 sopra indicate e comunque nel rispetto delle garanzie di cui all\u2019art. 9 GDPR.<\/li>\n<\/ul>\n<p><strong>NATURA DEL CONFERIMENTO DEI DATI <\/strong><br \/>\nIl conferimento dei Dati \u00e8 necessario per raccogliere la candidatura dell\u2019Interessato e dare corso al processo di selezione. L\u2019eventuale rifiuto di fornire i Dati comporter\u00e0 pertanto l\u2019impossibilit\u00e0 per il Titolare di esaminare la candidatura e di condurre l\u2019iter di selezione.<\/p>\n<p><strong>MODALIT\u00c0 DEL TRATTAMENTO<\/strong><br \/>\nIl trattamento dei Dati \u00e8 effettuato con modalit\u00e0 cartacee e telematiche nel rispetto delle disposizioni in materia di protezione dei dati personali e, in particolare, delle misure tecniche e organizzative di cui all\u2019art. 32.1 del GDPR, con l\u2019osservanza di misure cautelative che ne garantiscano integrit\u00e0, riservatezza e disponibilit\u00e0. I trattamenti di cui alla presente Informativa non sono oggetto di processi decisionali automatizzati.<\/p>\n<p><strong>CATEGORIE DI DESTINATARI DEI DATI<\/strong><br \/>\nI Dati non sono diffusi, salvo qualora previsto dalla legge.<br \/>\nPer realizzare le finalit\u00e0 di cui alla presente Informativa i Dati sono trattati all\u2019interno della Societ\u00e0 da soggetti appositamente autorizzati dal Titolare (es. dipendenti della Societ\u00e0, in ragione delle funzioni ricoperte), che hanno ricevuto specifiche istruzioni operative ai sensi dell\u2019art. 29 GDPR.<br \/>\nI Dati possono essere conosciuti da soggetti esterni alla Societ\u00e0 che trattano i Dati per conto del Titolare in qualit\u00e0 di Responsabili del trattamento ovvero che sono legittimati a conoscerli in qualit\u00e0 di autonomi titolari del trattamento. Si informa che l\u2019elenco aggiornato dei Responsabili esterni del trattamento, nominati ai sensi dell\u2019art. 28 GDPR, \u00e8 custodito presso il Titolare ed \u00e8 consultabile su richiesta dell\u2019Interessato.<\/p>\n<p><strong>TRASFERIMENTO DI DATI PERSONALI VERSO PAESI TERZI <\/strong><br \/>\nIl Titolare non intende, allo stato, trasferire I Dati verso Paesi non appartenenti all\u2019Unione Europea\/ Spazio SEE. In ogni caso il Titolare assicura che eventuali trasferimenti di tal genere avverranno nel pieno rispetto delle condizioni di cui al Capo V del GDPR (art. 44 e ss.) al fine di assicurare che il livello di protezione delle persone fisiche garantito dal GDPR non sia pregiudicato. Il trasferimento avverr\u00e0 dunque verso Paesi che la Commissione Europea ha ritenuto garantiscano un livello di protezione adeguata, in conformit\u00e0 a quanto previsto dall\u2019art. 44 GDPR oppure nel rispetto di specifiche clausole contrattuali standard approvate dalla Commissione Europea ai sensi dell\u2019art. 46 GDPR, a\u00a0 condizione che il destinatario dei dati fornisca garanzie adeguate e che gli interessati dispongano di diritti azionabili e mezzi di ricorso effettivi. Eventuali deroghe a quanto sopra avverranno solo nel rispetto dell\u2019art. 49 GDPR.<\/p>\n<p><strong>DIRITTI DELL&#8217;INTERESSATO &#8211; RECLAMO ALL\u2019AUTORIT\u00c0 DI CONTROLLO<\/strong><br \/>\nInviando una comunicazione a mezzo lettera raccomandata A\/R alla sede legale della Societ\u00e0 oppure via e-mail all\u2019indirizzo indicato nella sezione \u201cModalit\u00e0 di contatto del Titolare\u201d della presente informativa, l\u2019Interessato pu\u00f2 chiedere in qualsiasi momento al Titolare:<br \/>\na) l\u2019accesso ai Dati che lo riguardano;<br \/>\nb) la rettifica dei Suoi dati;<br \/>\nc) la cancellazione dei Suoi dati, nei limiti previsti dal GDPR;<br \/>\nd) la limitazione del trattamento dei Dati qualora ricorrano le condizioni di cui all\u2019art. 18 GDPR;<br \/>\ne) la portabilit\u00e0 dei Suoi Dati in un formato strutturato, nei casi di cui all\u2019art. 20 GDPR;<br \/>\nf) l\u2019opposizione al trattamento dei Suoi Dati, ai sensi dell\u2019art. 21 GDPR.<br \/>\nQualora l\u2019Interessato ritenga che il trattamento che lo riguarda violi il GDPR, egli ha altres\u00ec il diritto di proporre reclamo all&#8217;Autorit\u00e0 di controllo, rappresentata in Italia dal Garante per la Protezione dei dati personali, con sede a Roma.<\/p>\n","protected":false},"excerpt":{"rendered":"<p>INFORMATIVA AI SENSI DELL\u2019ART. 13 REGOLAMENTO (UE) 2016\/679 relativa al trattamento dei dati personali dei candidati Egregio Signore \/ Gentile Signora, il Regolamento Europeo (UE) 2016\/679 (di seguito \u201cGDPR\u201d) stabilisce norme relative alla protezione delle persone fisiche con riguardo al trattamento dei dati personali, nonch\u00e9 norme relative alla libera circolazione di tali dati. Nel rispetto del principio di trasparenza di&hellip;<\/p>\n","protected":false},"author":1,"featured_media":0,"parent":0,"menu_order":0,"comment_status":"closed","ping_status":"closed","template":"","meta":{"footnotes":""},"class_list":["post-9340","page","type-page","status-publish","hentry"],"yoast_head":"<!-- This site is optimized with the Yoast SEO plugin v26.7 - https:\/\/yoast.com\/wordpress\/plugins\/seo\/ -->\n<title>Privacy candidates - AsoloGold<\/title>\n<meta name=\"robots\" content=\"index, follow, max-snippet:-1, max-image-preview:large, max-video-preview:-1\" \/>\n<link rel=\"canonical\" href=\"https:\/\/www.asologold.com\/en\/privacy-candidates\/\" \/>\n<meta property=\"og:locale\" content=\"en_US\" \/>\n<meta property=\"og:type\" content=\"article\" \/>\n<meta property=\"og:title\" content=\"Privacy candidates - AsoloGold\" \/>\n<meta property=\"og:description\" content=\"INFORMATIVA AI SENSI DELL\u2019ART. 13 REGOLAMENTO (UE) 2016\/679 relativa al trattamento dei dati personali dei candidati Egregio Signore \/ Gentile Signora, il Regolamento Europeo (UE) 2016\/679 (di seguito \u201cGDPR\u201d) stabilisce norme relative alla protezione delle persone fisiche con riguardo al trattamento dei dati personali, nonch\u00e9 norme relative alla libera circolazione di tali dati. Nel rispetto del principio di trasparenza di&hellip;\" \/>\n<meta property=\"og:url\" content=\"https:\/\/www.asologold.com\/en\/privacy-candidates\/\" \/>\n<meta property=\"og:site_name\" content=\"AsoloGold\" \/>\n<meta name=\"twitter:card\" content=\"summary_large_image\" \/>\n<meta name=\"twitter:label1\" content=\"Est. reading time\" \/>\n\t<meta name=\"twitter:data1\" content=\"6 minutes\" \/>\n<script type=\"application\/ld+json\" class=\"yoast-schema-graph\">{\"@context\":\"https:\/\/schema.org\",\"@graph\":[{\"@type\":\"WebPage\",\"@id\":\"https:\/\/www.asologold.com\/en\/privacy-candidates\/\",\"url\":\"https:\/\/www.asologold.com\/en\/privacy-candidates\/\",\"name\":\"Privacy candidates - AsoloGold\",\"isPartOf\":{\"@id\":\"https:\/\/www.asologold.com\/en\/#website\"},\"datePublished\":\"2023-03-27T10:33:32+00:00\",\"breadcrumb\":{\"@id\":\"https:\/\/www.asologold.com\/en\/privacy-candidates\/#breadcrumb\"},\"inLanguage\":\"en-US\",\"potentialAction\":[{\"@type\":\"ReadAction\",\"target\":[\"https:\/\/www.asologold.com\/en\/privacy-candidates\/\"]}]},{\"@type\":\"BreadcrumbList\",\"@id\":\"https:\/\/www.asologold.com\/en\/privacy-candidates\/#breadcrumb\",\"itemListElement\":[{\"@type\":\"ListItem\",\"position\":1,\"name\":\"Home\",\"item\":\"https:\/\/www.asologold.com\/en\/\"},{\"@type\":\"ListItem\",\"position\":2,\"name\":\"Privacy candidates\"}]},{\"@type\":\"WebSite\",\"@id\":\"https:\/\/www.asologold.com\/en\/#website\",\"url\":\"https:\/\/www.asologold.com\/en\/\",\"name\":\"AsoloGold\",\"description\":\"Tagline\",\"potentialAction\":[{\"@type\":\"SearchAction\",\"target\":{\"@type\":\"EntryPoint\",\"urlTemplate\":\"https:\/\/www.asologold.com\/en\/?s={search_term_string}\"},\"query-input\":{\"@type\":\"PropertyValueSpecification\",\"valueRequired\":true,\"valueName\":\"search_term_string\"}}],\"inLanguage\":\"en-US\"}]}<\/script>\n<!-- \/ Yoast SEO plugin. -->","yoast_head_json":{"title":"Privacy candidates - AsoloGold","robots":{"index":"index","follow":"follow","max-snippet":"max-snippet:-1","max-image-preview":"max-image-preview:large","max-video-preview":"max-video-preview:-1"},"canonical":"https:\/\/www.asologold.com\/en\/privacy-candidates\/","og_locale":"en_US","og_type":"article","og_title":"Privacy candidates - AsoloGold","og_description":"INFORMATIVA AI SENSI DELL\u2019ART. 13 REGOLAMENTO (UE) 2016\/679 relativa al trattamento dei dati personali dei candidati Egregio Signore \/ Gentile Signora, il Regolamento Europeo (UE) 2016\/679 (di seguito \u201cGDPR\u201d) stabilisce norme relative alla protezione delle persone fisiche con riguardo al trattamento dei dati personali, nonch\u00e9 norme relative alla libera circolazione di tali dati. Nel rispetto del principio di trasparenza di&hellip;","og_url":"https:\/\/www.asologold.com\/en\/privacy-candidates\/","og_site_name":"AsoloGold","twitter_card":"summary_large_image","twitter_misc":{"Est. reading time":"6 minutes"},"schema":{"@context":"https:\/\/schema.org","@graph":[{"@type":"WebPage","@id":"https:\/\/www.asologold.com\/en\/privacy-candidates\/","url":"https:\/\/www.asologold.com\/en\/privacy-candidates\/","name":"Privacy candidates - AsoloGold","isPartOf":{"@id":"https:\/\/www.asologold.com\/en\/#website"},"datePublished":"2023-03-27T10:33:32+00:00","breadcrumb":{"@id":"https:\/\/www.asologold.com\/en\/privacy-candidates\/#breadcrumb"},"inLanguage":"en-US","potentialAction":[{"@type":"ReadAction","target":["https:\/\/www.asologold.com\/en\/privacy-candidates\/"]}]},{"@type":"BreadcrumbList","@id":"https:\/\/www.asologold.com\/en\/privacy-candidates\/#breadcrumb","itemListElement":[{"@type":"ListItem","position":1,"name":"Home","item":"https:\/\/www.asologold.com\/en\/"},{"@type":"ListItem","position":2,"name":"Privacy candidates"}]},{"@type":"WebSite","@id":"https:\/\/www.asologold.com\/en\/#website","url":"https:\/\/www.asologold.com\/en\/","name":"AsoloGold","description":"Tagline","potentialAction":[{"@type":"SearchAction","target":{"@type":"EntryPoint","urlTemplate":"https:\/\/www.asologold.com\/en\/?s={search_term_string}"},"query-input":{"@type":"PropertyValueSpecification","valueRequired":true,"valueName":"search_term_string"}}],"inLanguage":"en-US"}]}},"_links":{"self":[{"href":"https:\/\/www.asologold.com\/en\/wp-json\/wp\/v2\/pages\/9340","targetHints":{"allow":["GET"]}}],"collection":[{"href":"https:\/\/www.asologold.com\/en\/wp-json\/wp\/v2\/pages"}],"about":[{"href":"https:\/\/www.asologold.com\/en\/wp-json\/wp\/v2\/types\/page"}],"author":[{"embeddable":true,"href":"https:\/\/www.asologold.com\/en\/wp-json\/wp\/v2\/users\/1"}],"replies":[{"embeddable":true,"href":"https:\/\/www.asologold.com\/en\/wp-json\/wp\/v2\/comments?post=9340"}],"version-history":[{"count":1,"href":"https:\/\/www.asologold.com\/en\/wp-json\/wp\/v2\/pages\/9340\/revisions"}],"predecessor-version":[{"id":9345,"href":"https:\/\/www.asologold.com\/en\/wp-json\/wp\/v2\/pages\/9340\/revisions\/9345"}],"wp:attachment":[{"href":"https:\/\/www.asologold.com\/en\/wp-json\/wp\/v2\/media?parent=9340"}],"curies":[{"name":"wp","href":"https:\/\/api.w.org\/{rel}","templated":true}]}}